{"id":900,"date":"2025-02-04T11:39:48","date_gmt":"2025-02-04T10:39:48","guid":{"rendered":"https:\/\/collegelegrandclos.fr\/?page_id=900"},"modified":"2025-10-24T16:46:25","modified_gmt":"2025-10-24T14:46:25","slug":"chinois","status":"publish","type":"page","link":"https:\/\/collegelegrandclos.fr\/index.php\/chinois\/","title":{"rendered":"L&rsquo;enseignement du Chinois"},"content":{"rendered":"\n<div class=\"wp-block-media-text is-stacked-on-mobile\"><figure class=\"wp-block-media-text__media\"><img fetchpriority=\"high\" decoding=\"async\" width=\"1024\" height=\"576\" src=\"https:\/\/collegelegrandclos.fr\/wp-content\/uploads\/2025\/02\/ewgc8W-1024x576.webp\" alt=\"\" class=\"wp-image-902 size-full\" srcset=\"https:\/\/collegelegrandclos.fr\/wp-content\/uploads\/2025\/02\/ewgc8W-1024x576.webp 1024w, https:\/\/collegelegrandclos.fr\/wp-content\/uploads\/2025\/02\/ewgc8W-300x169.webp 300w, https:\/\/collegelegrandclos.fr\/wp-content\/uploads\/2025\/02\/ewgc8W-768x432.webp 768w, https:\/\/collegelegrandclos.fr\/wp-content\/uploads\/2025\/02\/ewgc8W-1536x864.webp 1536w, https:\/\/collegelegrandclos.fr\/wp-content\/uploads\/2025\/02\/ewgc8W-800x450.webp 800w, https:\/\/collegelegrandclos.fr\/wp-content\/uploads\/2025\/02\/ewgc8W.webp 1920w\" sizes=\"(max-width: 1024px) 100vw, 1024px\" \/><\/figure><div class=\"wp-block-media-text__content\">\n<p class=\"has-text-align-center has-large-font-size\"><strong>\u6211\u4eec\u5b66\u4e2d\u6587&nbsp;!<\/strong><\/p>\n\n\n\n<h2 class=\"wp-block-heading has-text-align-center has-medium-font-size\">Tu es curieux&nbsp;? Tu as envie de d\u00e9couvrir le monde, de nouvelles cultures et traditions&nbsp;?&nbsp;<\/h2>\n<\/div><\/div>\n\n\n\n<p>Rejoins-nous d\u00e8s la <strong>6<sup>\u00e8me<\/sup> dans la classe bilangue anglais\/chinois<\/strong> du coll\u00e8ge du Grand Clos&nbsp;!<\/p>\n\n\n\n<p>Inclure cette classe te permettra de commencer ta deuxi\u00e8me langue vivante (le chinois) d\u00e8s ta rentr\u00e9e en sixi\u00e8me, \u00e0 raison de deux heures par semaine. Tu apprendras ainsi \u00e0 parler chinois, la langue la plus parl\u00e9e au monde, et tu d\u00e9couvriras \u00e0 travers plusieurs activit\u00e9s ludiques et p\u00e9dagogiques la culture chinoise et asiatique&nbsp;!<\/p>\n\n\n\n<p>Les avantages de l\u2019acc\u00e8s \u00e0 une telle classe sont multiples&nbsp;: une plus grande ouverture d\u2019esprit, un renforcement de l\u2019aisance \u00e0 l\u2019oral, une familiarisation pr\u00e9coce avec sa deuxi\u00e8me langue vivante, ou encore, un accroissement de l\u2019estime de soi et une meilleure compr\u00e9hension de sa propre culture et de celle d\u2019autrui&nbsp;!<\/p>\n\n\n\n<p class=\"has-text-color has-link-color wp-elements-ffdc1d4529a17f22ed39673b08d67048\" style=\"color:#904040\"><strong>Pour toutes informations compl\u00e9mentaires, n\u2019h\u00e9sitez pas \u00e0 me contacter \u00e0 l\u2019adresse suivante&nbsp;: julie.collongues@ac-orleans-tours.fr<\/strong><\/p>\n\n\n\n<div class=\"wp-block-group\"><div class=\"wp-block-group__inner-container is-layout-constrained wp-block-group-is-layout-constrained\">\n<div class=\"wp-block-group\"><div class=\"wp-block-group__inner-container is-layout-constrained wp-block-group-is-layout-constrained\">\n<div class=\"wp-block-media-text is-stacked-on-mobile\"><figure class=\"wp-block-media-text__media\"><img decoding=\"async\" width=\"474\" height=\"296\" src=\"https:\/\/collegelegrandclos.fr\/wp-content\/uploads\/2025\/02\/OIP.jpg\" alt=\"\" class=\"wp-image-903 size-full\" srcset=\"https:\/\/collegelegrandclos.fr\/wp-content\/uploads\/2025\/02\/OIP.jpg 474w, https:\/\/collegelegrandclos.fr\/wp-content\/uploads\/2025\/02\/OIP-300x187.jpg 300w\" sizes=\"(max-width: 474px) 100vw, 474px\" \/><\/figure><div class=\"wp-block-media-text__content\">\n<p class=\"has-text-align-center has-medium-font-size\"><strong>\u53f0\u6e7e\u7b14\u53cb<\/strong><\/p>\n\n\n\n<p class=\"has-text-align-center has-medium-font-size\"><strong>Nos correspondants Ta\u00efwanais<\/strong><\/p>\n<\/div><\/div>\n<\/div><\/div>\n<\/div><\/div>\n\n\n\n<p><\/p>\n\n\n\n<p class=\"has-text-align-center\"><strong>Une grande nouveaut\u00e9 depuis la rentr\u00e9e 2024&nbsp;: nous avons d\u00e9sormais des correspondants Ta\u00efwanais&nbsp;! <\/strong><\/p>\n\n\n\n<p class=\"has-text-align-center\"><strong>Le coll\u00e8ge \u6c5f\u7fe0\u56fd\u6c11\u4e2d\u5b66 situ\u00e9 \u00e0 Taipei, la capitale de l\u2019\u00eele de Ta\u00efwan, est devenu notre coll\u00e8ge partenaire.<\/strong> Ainsi, d\u00e8s la cinqui\u00e8me, tu pourras \u00e9changer des lettres manuscrites avec ton correspondant, rencontrer les \u00e9l\u00e8ves de Ta\u00efwan gr\u00e2ce \u00e0 des visios, et recevoir \u00e0 ton tour des lettres de ton correspondant. Au-del\u00e0 de l\u2019importance de cet \u00e9change pour te mettre en conditions r\u00e9elles de communication avec un natif et ainsi renforcer ta ma\u00eetrise de la langue chinoise, tu apprendras \u00e0 tisser des liens d\u2019amiti\u00e9 internationale et tu trouveras une mani\u00e8re diff\u00e9rente de d\u00e9couvrir une nouvelle culture.<\/p>\n\n\n\n<div class=\"wp-block-group\"><div class=\"wp-block-group__inner-container is-layout-constrained wp-block-group-is-layout-constrained\">\n<div class=\"wp-block-columns is-layout-flex wp-container-core-columns-is-layout-9d6595d7 wp-block-columns-is-layout-flex\">\n<div class=\"wp-block-column is-layout-flow wp-block-column-is-layout-flow\" style=\"flex-basis:100%\">\n<figure class=\"wp-block-image size-large\"><img decoding=\"async\" width=\"790\" height=\"592\" src=\"https:\/\/collegelegrandclos.fr\/wp-content\/uploads\/2025\/02\/Image1.jpg\" alt=\"\" class=\"wp-image-912\" srcset=\"https:\/\/collegelegrandclos.fr\/wp-content\/uploads\/2025\/02\/Image1.jpg 790w, https:\/\/collegelegrandclos.fr\/wp-content\/uploads\/2025\/02\/Image1-300x225.jpg 300w, https:\/\/collegelegrandclos.fr\/wp-content\/uploads\/2025\/02\/Image1-768x576.jpg 768w\" sizes=\"(max-width: 790px) 100vw, 790px\" \/><\/figure>\n\n\n\n<figure class=\"wp-block-image size-full\"><img loading=\"lazy\" decoding=\"async\" width=\"809\" height=\"606\" src=\"https:\/\/collegelegrandclos.fr\/wp-content\/uploads\/2025\/02\/Image2.jpg\" alt=\"\" class=\"wp-image-913\" srcset=\"https:\/\/collegelegrandclos.fr\/wp-content\/uploads\/2025\/02\/Image2.jpg 809w, https:\/\/collegelegrandclos.fr\/wp-content\/uploads\/2025\/02\/Image2-300x225.jpg 300w, https:\/\/collegelegrandclos.fr\/wp-content\/uploads\/2025\/02\/Image2-768x575.jpg 768w\" sizes=\"(max-width: 809px) 100vw, 809px\" \/><\/figure>\n<\/div>\n<\/div>\n<\/div><\/div>\n\n\n<div class=\"root-eb-post-carousel-pla0s wp-block-essential-blocks-post-carousel\">\n    <div class=\"eb-parent-wrapper eb-parent-eb-post-carousel-pla0s \">\n        <div class=\"eb-post-carousel-pla0s style-2 slick-arrows equal-height dot-style-1 eb-post-carousel-wrapper\"\n            data-id=\"eb-post-carousel-pla0s\"\n            data-querydata=\"a:13:{s:6:&quot;source&quot;;s:4:&quot;post&quot;;s:11:&quot;sourceIndex&quot;;i:0;s:9:&quot;rest_base&quot;;s:5:&quot;posts&quot;;s:14:&quot;rest_namespace&quot;;s:5:&quot;wp\/v2&quot;;s:6:&quot;author&quot;;s:0:&quot;&quot;;s:10:&quot;taxonomies&quot;;a:1:{s:8:&quot;category&quot;;a:5:{s:4:&quot;name&quot;;s:11:&quot;Cat\u00e9gories&quot;;s:9:&quot;rest_base&quot;;s:10:&quot;categories&quot;;s:14:&quot;rest_namespace&quot;;s:5:&quot;wp\/v2&quot;;s:4:&quot;slug&quot;;s:8:&quot;category&quot;;s:5:&quot;value&quot;;s:32:&quot;[{&quot;value&quot;:68,&quot;label&quot;:&quot;Chinois&quot;}]&quot;;}}s:8:&quot;per_page&quot;;s:1:&quot;6&quot;;s:6:&quot;offset&quot;;s:1:&quot;0&quot;;s:7:&quot;orderby&quot;;s:4:&quot;date&quot;;s:5:&quot;order&quot;;s:4:&quot;desc&quot;;s:7:&quot;include&quot;;s:0:&quot;&quot;;s:7:&quot;exclude&quot;;s:0:&quot;&quot;;s:15:&quot;exclude_current&quot;;b:0;}\"\n            data-slidersettings=\"{&quot;arrows&quot;:true,&quot;dots&quot;:true,&quot;autoplaySpeed&quot;:3000,&quot;speed&quot;:500,&quot;adaptiveHeight&quot;:true,&quot;autoplay&quot;:true,&quot;infinite&quot;:true,&quot;pauseOnHover&quot;:true,&quot;slideToShowRange&quot;:3,&quot;leftArrowIcon&quot;:&quot;fas fa-chevron-circle-left&quot;,&quot;rightArrowIcon&quot;:&quot;fas fa-chevron-circle-right&quot;,&quot;addIcon&quot;:false,&quot;showFallbackImg&quot;:false,&quot;fallbackImgUrl&quot;:&quot;&quot;,&quot;isRTLEnable&quot;:false,&quot;TABslideToShowRange&quot;:2,&quot;MOBslideToShowRange&quot;:1}\"\n            data-attributes=\"{&quot;preset&quot;:&quot;style-2&quot;,&quot;showThumbnail&quot;:true,&quot;showTitle&quot;:true,&quot;titleLength&quot;:&quot;10&quot;,&quot;titleTag&quot;:&quot;h2&quot;,&quot;showContent&quot;:true,&quot;contentLength&quot;:20,&quot;expansionIndicator&quot;:&quot;...&quot;,&quot;showReadMore&quot;:false,&quot;readmoreText&quot;:&quot;Read More&quot;,&quot;showMeta&quot;:false,&quot;headerMeta&quot;:&quot;[{\\&quot;value\\&quot;:\\&quot;date\\&quot;,\\&quot;label\\&quot;:\\&quot;Published Date\\&quot;}]&quot;,&quot;footerMeta&quot;:&quot;[{\\&quot;value\\&quot;:\\&quot;avatar\\&quot;,\\&quot;label\\&quot;:\\&quot;Author Avatar\\&quot;},{\\&quot;value\\&quot;:\\&quot;author\\&quot;,\\&quot;label\\&quot;:\\&quot;Author Name\\&quot;}]&quot;,&quot;authorPrefix&quot;:&quot;by&quot;,&quot;datePrefix&quot;:&quot;on&quot;,&quot;showBlockContent&quot;:true,&quot;leftArrowIcon&quot;:&quot;fas fa-chevron-circle-left&quot;,&quot;rightArrowIcon&quot;:&quot;fas fa-chevron-circle-right&quot;,&quot;showFallbackImg&quot;:false,&quot;isRTLEnable&quot;:false}\">\n\n            <div class=\"eb-post-carousel init-eb-post-carousel-pla0s\"\n                data-id=\"eb-post-carousel-pla0s\">\n                <p>\n    No Posts Found<\/p>\n            <\/div>\n        <\/div>\n    <\/div>\n<\/div>","protected":false},"excerpt":{"rendered":"<p>\u6211\u4eec\u5b66\u4e2d\u6587&nbsp;! Tu es curieux&nbsp;? Tu as envie de d\u00e9couvrir le monde, de nouvelles cultures et traditions&nbsp;?&nbsp; Rejoins-nous d\u00e8s la 6\u00e8me dans la classe bilangue anglais\/chinois du coll\u00e8ge du Grand Clos&nbsp;! Inclure cette classe te permettra de commencer ta deuxi\u00e8me langue vivante (le chinois) d\u00e8s ta rentr\u00e9e en sixi\u00e8me, \u00e0 raison de deux heures par semaine. [&hellip;]<\/p>\n","protected":false},"author":1,"featured_media":0,"parent":0,"menu_order":0,"comment_status":"closed","ping_status":"closed","template":"","meta":{"_eb_attr":"","_monsterinsights_skip_tracking":false,"_monsterinsights_sitenote_active":false,"_monsterinsights_sitenote_note":"","_monsterinsights_sitenote_category":0,"ocean_post_layout":"","ocean_both_sidebars_style":"","ocean_both_sidebars_content_width":0,"ocean_both_sidebars_sidebars_width":0,"ocean_sidebar":"","ocean_second_sidebar":"","ocean_disable_margins":"enable","ocean_add_body_class":"","ocean_shortcode_before_top_bar":"","ocean_shortcode_after_top_bar":"","ocean_shortcode_before_header":"","ocean_shortcode_after_header":"","ocean_has_shortcode":"","ocean_shortcode_after_title":"","ocean_shortcode_before_footer_widgets":"","ocean_shortcode_after_footer_widgets":"","ocean_shortcode_before_footer_bottom":"","ocean_shortcode_after_footer_bottom":"","ocean_display_top_bar":"default","ocean_display_header":"default","ocean_header_style":"","ocean_center_header_left_menu":"","ocean_custom_header_template":"","ocean_custom_logo":0,"ocean_custom_retina_logo":0,"ocean_custom_logo_max_width":0,"ocean_custom_logo_tablet_max_width":0,"ocean_custom_logo_mobile_max_width":0,"ocean_custom_logo_max_height":0,"ocean_custom_logo_tablet_max_height":0,"ocean_custom_logo_mobile_max_height":0,"ocean_header_custom_menu":"","ocean_menu_typo_font_family":"","ocean_menu_typo_font_subset":"","ocean_menu_typo_font_size":0,"ocean_menu_typo_font_size_tablet":0,"ocean_menu_typo_font_size_mobile":0,"ocean_menu_typo_font_size_unit":"px","ocean_menu_typo_font_weight":"","ocean_menu_typo_font_weight_tablet":"","ocean_menu_typo_font_weight_mobile":"","ocean_menu_typo_transform":"","ocean_menu_typo_transform_tablet":"","ocean_menu_typo_transform_mobile":"","ocean_menu_typo_line_height":0,"ocean_menu_typo_line_height_tablet":0,"ocean_menu_typo_line_height_mobile":0,"ocean_menu_typo_line_height_unit":"","ocean_menu_typo_spacing":0,"ocean_menu_typo_spacing_tablet":0,"ocean_menu_typo_spacing_mobile":0,"ocean_menu_typo_spacing_unit":"","ocean_menu_link_color":"","ocean_menu_link_color_hover":"","ocean_menu_link_color_active":"","ocean_menu_link_background":"","ocean_menu_link_hover_background":"","ocean_menu_link_active_background":"","ocean_menu_social_links_bg":"","ocean_menu_social_hover_links_bg":"","ocean_menu_social_links_color":"","ocean_menu_social_hover_links_color":"","ocean_disable_title":"default","ocean_disable_heading":"default","ocean_post_title":"","ocean_post_subheading":"","ocean_post_title_style":"","ocean_post_title_background_color":"","ocean_post_title_background":0,"ocean_post_title_bg_image_position":"","ocean_post_title_bg_image_attachment":"","ocean_post_title_bg_image_repeat":"","ocean_post_title_bg_image_size":"","ocean_post_title_height":0,"ocean_post_title_bg_overlay":0.5,"ocean_post_title_bg_overlay_color":"","ocean_disable_breadcrumbs":"default","ocean_breadcrumbs_color":"","ocean_breadcrumbs_separator_color":"","ocean_breadcrumbs_links_color":"","ocean_breadcrumbs_links_hover_color":"","ocean_display_footer_widgets":"default","ocean_display_footer_bottom":"default","ocean_custom_footer_template":"","cybocfi_hide_featured_image":"","footnotes":""},"class_list":["post-900","page","type-page","status-publish","hentry","entry"],"aioseo_notices":[],"yoast_head":"<!-- This site is optimized with the Yoast SEO plugin v27.3 - https:\/\/yoast.com\/product\/yoast-seo-wordpress\/ -->\n<title>L&#039;enseignement du Chinois - LE GRAND CLOS<\/title>\n<meta name=\"robots\" content=\"index, follow, max-snippet:-1, max-image-preview:large, max-video-preview:-1\" \/>\n<link rel=\"canonical\" href=\"https:\/\/collegelegrandclos.fr\/index.php\/chinois\/\" \/>\n<meta property=\"og:locale\" content=\"fr_FR\" \/>\n<meta property=\"og:type\" content=\"article\" \/>\n<meta property=\"og:title\" content=\"L&#039;enseignement du Chinois - LE GRAND CLOS\" \/>\n<meta property=\"og:description\" content=\"\u6211\u4eec\u5b66\u4e2d\u6587&nbsp;! Tu es curieux&nbsp;? Tu as envie de d\u00e9couvrir le monde, de nouvelles cultures et traditions&nbsp;?&nbsp; Rejoins-nous d\u00e8s la 6\u00e8me dans la classe bilangue anglais\/chinois du coll\u00e8ge du Grand Clos&nbsp;! Inclure cette classe te permettra de commencer ta deuxi\u00e8me langue vivante (le chinois) d\u00e8s ta rentr\u00e9e en sixi\u00e8me, \u00e0 raison de deux heures par semaine. [&hellip;]\" \/>\n<meta property=\"og:url\" content=\"https:\/\/collegelegrandclos.fr\/index.php\/chinois\/\" \/>\n<meta property=\"og:site_name\" content=\"LE GRAND CLOS\" \/>\n<meta property=\"article:modified_time\" content=\"2025-10-24T14:46:25+00:00\" \/>\n<meta property=\"og:image\" content=\"https:\/\/collegelegrandclos.fr\/wp-content\/uploads\/2025\/02\/ewgc8W-1024x576.webp\" \/>\n<meta name=\"twitter:card\" content=\"summary_large_image\" \/>\n<meta name=\"twitter:label1\" content=\"Dur\u00e9e de lecture estim\u00e9e\" \/>\n\t<meta name=\"twitter:data1\" content=\"3 minutes\" \/>\n<script type=\"application\/ld+json\" class=\"yoast-schema-graph\">{\"@context\":\"https:\\\/\\\/schema.org\",\"@graph\":[{\"@type\":\"WebPage\",\"@id\":\"https:\\\/\\\/collegelegrandclos.fr\\\/index.php\\\/chinois\\\/\",\"url\":\"https:\\\/\\\/collegelegrandclos.fr\\\/index.php\\\/chinois\\\/\",\"name\":\"L'enseignement du Chinois - LE GRAND CLOS\",\"isPartOf\":{\"@id\":\"http:\\\/\\\/collegelegrandclos.fr\\\/#website\"},\"primaryImageOfPage\":{\"@id\":\"https:\\\/\\\/collegelegrandclos.fr\\\/index.php\\\/chinois\\\/#primaryimage\"},\"image\":{\"@id\":\"https:\\\/\\\/collegelegrandclos.fr\\\/index.php\\\/chinois\\\/#primaryimage\"},\"thumbnailUrl\":\"https:\\\/\\\/collegelegrandclos.fr\\\/wp-content\\\/uploads\\\/2025\\\/02\\\/ewgc8W-1024x576.webp\",\"datePublished\":\"2025-02-04T10:39:48+00:00\",\"dateModified\":\"2025-10-24T14:46:25+00:00\",\"breadcrumb\":{\"@id\":\"https:\\\/\\\/collegelegrandclos.fr\\\/index.php\\\/chinois\\\/#breadcrumb\"},\"inLanguage\":\"fr-FR\",\"potentialAction\":[{\"@type\":\"ReadAction\",\"target\":[\"https:\\\/\\\/collegelegrandclos.fr\\\/index.php\\\/chinois\\\/\"]}]},{\"@type\":\"ImageObject\",\"inLanguage\":\"fr-FR\",\"@id\":\"https:\\\/\\\/collegelegrandclos.fr\\\/index.php\\\/chinois\\\/#primaryimage\",\"url\":\"https:\\\/\\\/collegelegrandclos.fr\\\/wp-content\\\/uploads\\\/2025\\\/02\\\/ewgc8W.webp\",\"contentUrl\":\"https:\\\/\\\/collegelegrandclos.fr\\\/wp-content\\\/uploads\\\/2025\\\/02\\\/ewgc8W.webp\",\"width\":1920,\"height\":1080},{\"@type\":\"BreadcrumbList\",\"@id\":\"https:\\\/\\\/collegelegrandclos.fr\\\/index.php\\\/chinois\\\/#breadcrumb\",\"itemListElement\":[{\"@type\":\"ListItem\",\"position\":1,\"name\":\"Accueil\",\"item\":\"http:\\\/\\\/collegelegrandclos.fr\\\/\"},{\"@type\":\"ListItem\",\"position\":2,\"name\":\"L&rsquo;enseignement du Chinois\"}]},{\"@type\":\"WebSite\",\"@id\":\"http:\\\/\\\/collegelegrandclos.fr\\\/#website\",\"url\":\"http:\\\/\\\/collegelegrandclos.fr\\\/\",\"name\":\"LE GRAND CLOS\",\"description\":\"\",\"publisher\":{\"@id\":\"http:\\\/\\\/collegelegrandclos.fr\\\/#organization\"},\"potentialAction\":[{\"@type\":\"SearchAction\",\"target\":{\"@type\":\"EntryPoint\",\"urlTemplate\":\"http:\\\/\\\/collegelegrandclos.fr\\\/?s={search_term_string}\"},\"query-input\":{\"@type\":\"PropertyValueSpecification\",\"valueRequired\":true,\"valueName\":\"search_term_string\"}}],\"inLanguage\":\"fr-FR\"},{\"@type\":\"Organization\",\"@id\":\"http:\\\/\\\/collegelegrandclos.fr\\\/#organization\",\"name\":\"LE GRAND CLOS\",\"url\":\"http:\\\/\\\/collegelegrandclos.fr\\\/\",\"logo\":{\"@type\":\"ImageObject\",\"inLanguage\":\"fr-FR\",\"@id\":\"http:\\\/\\\/collegelegrandclos.fr\\\/#\\\/schema\\\/logo\\\/image\\\/\",\"url\":\"\",\"contentUrl\":\"\",\"caption\":\"LE GRAND CLOS\"},\"image\":{\"@id\":\"http:\\\/\\\/collegelegrandclos.fr\\\/#\\\/schema\\\/logo\\\/image\\\/\"}}]}<\/script>\n<!-- \/ Yoast SEO plugin. -->","yoast_head_json":{"title":"L'enseignement du Chinois - LE GRAND CLOS","robots":{"index":"index","follow":"follow","max-snippet":"max-snippet:-1","max-image-preview":"max-image-preview:large","max-video-preview":"max-video-preview:-1"},"canonical":"https:\/\/collegelegrandclos.fr\/index.php\/chinois\/","og_locale":"fr_FR","og_type":"article","og_title":"L'enseignement du Chinois - LE GRAND CLOS","og_description":"\u6211\u4eec\u5b66\u4e2d\u6587&nbsp;! Tu es curieux&nbsp;? Tu as envie de d\u00e9couvrir le monde, de nouvelles cultures et traditions&nbsp;?&nbsp; Rejoins-nous d\u00e8s la 6\u00e8me dans la classe bilangue anglais\/chinois du coll\u00e8ge du Grand Clos&nbsp;! Inclure cette classe te permettra de commencer ta deuxi\u00e8me langue vivante (le chinois) d\u00e8s ta rentr\u00e9e en sixi\u00e8me, \u00e0 raison de deux heures par semaine. [&hellip;]","og_url":"https:\/\/collegelegrandclos.fr\/index.php\/chinois\/","og_site_name":"LE GRAND CLOS","article_modified_time":"2025-10-24T14:46:25+00:00","og_image":[{"url":"https:\/\/collegelegrandclos.fr\/wp-content\/uploads\/2025\/02\/ewgc8W-1024x576.webp","type":"","width":"","height":""}],"twitter_card":"summary_large_image","twitter_misc":{"Dur\u00e9e de lecture estim\u00e9e":"3 minutes"},"schema":{"@context":"https:\/\/schema.org","@graph":[{"@type":"WebPage","@id":"https:\/\/collegelegrandclos.fr\/index.php\/chinois\/","url":"https:\/\/collegelegrandclos.fr\/index.php\/chinois\/","name":"L'enseignement du Chinois - LE GRAND CLOS","isPartOf":{"@id":"http:\/\/collegelegrandclos.fr\/#website"},"primaryImageOfPage":{"@id":"https:\/\/collegelegrandclos.fr\/index.php\/chinois\/#primaryimage"},"image":{"@id":"https:\/\/collegelegrandclos.fr\/index.php\/chinois\/#primaryimage"},"thumbnailUrl":"https:\/\/collegelegrandclos.fr\/wp-content\/uploads\/2025\/02\/ewgc8W-1024x576.webp","datePublished":"2025-02-04T10:39:48+00:00","dateModified":"2025-10-24T14:46:25+00:00","breadcrumb":{"@id":"https:\/\/collegelegrandclos.fr\/index.php\/chinois\/#breadcrumb"},"inLanguage":"fr-FR","potentialAction":[{"@type":"ReadAction","target":["https:\/\/collegelegrandclos.fr\/index.php\/chinois\/"]}]},{"@type":"ImageObject","inLanguage":"fr-FR","@id":"https:\/\/collegelegrandclos.fr\/index.php\/chinois\/#primaryimage","url":"https:\/\/collegelegrandclos.fr\/wp-content\/uploads\/2025\/02\/ewgc8W.webp","contentUrl":"https:\/\/collegelegrandclos.fr\/wp-content\/uploads\/2025\/02\/ewgc8W.webp","width":1920,"height":1080},{"@type":"BreadcrumbList","@id":"https:\/\/collegelegrandclos.fr\/index.php\/chinois\/#breadcrumb","itemListElement":[{"@type":"ListItem","position":1,"name":"Accueil","item":"http:\/\/collegelegrandclos.fr\/"},{"@type":"ListItem","position":2,"name":"L&rsquo;enseignement du Chinois"}]},{"@type":"WebSite","@id":"http:\/\/collegelegrandclos.fr\/#website","url":"http:\/\/collegelegrandclos.fr\/","name":"LE GRAND CLOS","description":"","publisher":{"@id":"http:\/\/collegelegrandclos.fr\/#organization"},"potentialAction":[{"@type":"SearchAction","target":{"@type":"EntryPoint","urlTemplate":"http:\/\/collegelegrandclos.fr\/?s={search_term_string}"},"query-input":{"@type":"PropertyValueSpecification","valueRequired":true,"valueName":"search_term_string"}}],"inLanguage":"fr-FR"},{"@type":"Organization","@id":"http:\/\/collegelegrandclos.fr\/#organization","name":"LE GRAND CLOS","url":"http:\/\/collegelegrandclos.fr\/","logo":{"@type":"ImageObject","inLanguage":"fr-FR","@id":"http:\/\/collegelegrandclos.fr\/#\/schema\/logo\/image\/","url":"","contentUrl":"","caption":"LE GRAND CLOS"},"image":{"@id":"http:\/\/collegelegrandclos.fr\/#\/schema\/logo\/image\/"}}]}},"_links":{"self":[{"href":"https:\/\/collegelegrandclos.fr\/index.php\/wp-json\/wp\/v2\/pages\/900","targetHints":{"allow":["GET"]}}],"collection":[{"href":"https:\/\/collegelegrandclos.fr\/index.php\/wp-json\/wp\/v2\/pages"}],"about":[{"href":"https:\/\/collegelegrandclos.fr\/index.php\/wp-json\/wp\/v2\/types\/page"}],"author":[{"embeddable":true,"href":"https:\/\/collegelegrandclos.fr\/index.php\/wp-json\/wp\/v2\/users\/1"}],"replies":[{"embeddable":true,"href":"https:\/\/collegelegrandclos.fr\/index.php\/wp-json\/wp\/v2\/comments?post=900"}],"version-history":[{"count":8,"href":"https:\/\/collegelegrandclos.fr\/index.php\/wp-json\/wp\/v2\/pages\/900\/revisions"}],"predecessor-version":[{"id":1419,"href":"https:\/\/collegelegrandclos.fr\/index.php\/wp-json\/wp\/v2\/pages\/900\/revisions\/1419"}],"wp:attachment":[{"href":"https:\/\/collegelegrandclos.fr\/index.php\/wp-json\/wp\/v2\/media?parent=900"}],"curies":[{"name":"wp","href":"https:\/\/api.w.org\/{rel}","templated":true}]}}