{"id":472,"date":"2024-12-29T17:57:48","date_gmt":"2024-12-29T16:57:48","guid":{"rendered":"https:\/\/collegelegrandclos.fr\/?page_id=472"},"modified":"2025-10-24T17:17:50","modified_gmt":"2025-10-24T15:17:50","slug":"cdi","status":"publish","type":"page","link":"https:\/\/collegelegrandclos.fr\/index.php\/cdi\/","title":{"rendered":"Le CDI"},"content":{"rendered":"<div class=\"wp-block-image\">\n<figure class=\"alignright size-medium\"><img fetchpriority=\"high\" decoding=\"async\" width=\"200\" height=\"300\" src=\"https:\/\/collegelegrandclos.fr\/wp-content\/uploads\/2025\/10\/books-1841116_1280-200x300.jpg\" alt=\"\" class=\"wp-image-1431\" srcset=\"https:\/\/collegelegrandclos.fr\/wp-content\/uploads\/2025\/10\/books-1841116_1280-200x300.jpg 200w, https:\/\/collegelegrandclos.fr\/wp-content\/uploads\/2025\/10\/books-1841116_1280-683x1024.jpg 683w, https:\/\/collegelegrandclos.fr\/wp-content\/uploads\/2025\/10\/books-1841116_1280-768x1151.jpg 768w, https:\/\/collegelegrandclos.fr\/wp-content\/uploads\/2025\/10\/books-1841116_1280.jpg 854w\" sizes=\"(max-width: 200px) 100vw, 200px\" \/><\/figure>\n<\/div>\n\n\n<p class=\"has-medium-font-size\">Le Centre de Documentation et d\u2019Information (C.D.I.) est un lieu de d\u00e9couverte culturelle, de travail, de lecture et de formation \u00e0 l\u2019\u00c9ducation aux M\u00e9dias et \u00e0 l\u2019Information. <\/p>\n\n\n\n<p class=\"has-medium-font-size\">C&rsquo;est un lieu ouvert aux \u00e9l\u00e8ves, enseignants et personnels du coll\u00e8ge. <\/p>\n\n\n\n<p class=\"has-medium-font-size\">Les horaires sont les suivants :<\/p>\n\n\n\n<ul class=\"wp-block-list has-white-color has-white-background-color has-text-color has-background has-link-color has-small-font-size wp-elements-7d2c788705da6f5e890376c4dd9e5ea2\">\n<li class=\"has-text-color has-link-color has-medium-font-size wp-elements-01da28d29524f545e21592fb21e210ab\" style=\"color:#000000db\">Lundi : 9h08 &#8211; 12h \/ 12h50 &#8211; 16h54<\/li>\n\n\n\n<li class=\"has-text-color has-link-color has-medium-font-size wp-elements-54836f089f0514abdb8bcb24a59e611e\" style=\"color:#000000db\">Mardi : 8h15 \u2013 12h \/ 12h50 &#8211; 16h54<\/li>\n\n\n\n<li class=\"has-text-color has-link-color has-medium-font-size wp-elements-3224bec33c7c98f50a8fc435fc7dd9ee\" style=\"color:#000000db\">Jeudi : 9h08 &#8211; 12h \/ 12h50 &#8211; 16h54<\/li>\n\n\n\n<li class=\"has-text-color has-link-color has-medium-font-size wp-elements-2b3e800f5384c635f5797bb86ca2cf1a\" style=\"color:#000000db\">Vendredi : 8h15 \u2013 12h \/ 12h50 &#8211; 16h54<\/li>\n<\/ul>\n\n\n\n<p class=\"has-medium-font-size\">Il peut \u00eatre r\u00e9serv\u00e9 pour une s\u00e9ance p\u00e9dagogique avec une classe : recherches documentaires, culture num\u00e9rique, Education aux M\u00e9dias et \u00e0 l\u2019information, action culturelle (par exemple : visite d\u2019une exposition, d\u00e9fi lecture, club).&nbsp;<\/p>\n\n\n\n<p class=\"has-medium-font-size\"><strong>Pensez \u00e0 consulter le planning d&rsquo;ouverture du CDI affich\u00e9 en face du bureau de la vie scolaire. Il change chaque semaine.<br>Le catalogue e-sidoc vous permet d\u2019acc\u00e9der au catalogue du CDI et d\u00e9couvrir de nombreuses ressources num\u00e9riques utiles.<\/strong><\/p>\n\n\n\n<div class=\"wp-block-buttons is-content-justification-center is-layout-flex wp-container-core-buttons-is-layout-16018d1d wp-block-buttons-is-layout-flex\">\n<div class=\"wp-block-button\"><a class=\"wp-block-button__link wp-element-button\" href=\"https:\/\/0450789n.esidoc.fr\/\">Site E-sidoc du CDI<\/a><\/div>\n<\/div>\n\n\n<div class=\"root-eb-post-carousel-ga7d0 wp-block-essential-blocks-post-carousel\">\n    <div class=\"eb-parent-wrapper eb-parent-eb-post-carousel-ga7d0 \">\n        <div class=\"eb-post-carousel-ga7d0 style-2 slick-arrows equal-height dot-style-1 eb-post-carousel-wrapper\"\n            data-id=\"eb-post-carousel-ga7d0\"\n            data-querydata=\"a:13:{s:6:&quot;source&quot;;s:4:&quot;post&quot;;s:11:&quot;sourceIndex&quot;;i:0;s:9:&quot;rest_base&quot;;s:5:&quot;posts&quot;;s:14:&quot;rest_namespace&quot;;s:5:&quot;wp\/v2&quot;;s:6:&quot;author&quot;;s:0:&quot;&quot;;s:10:&quot;taxonomies&quot;;a:1:{s:8:&quot;category&quot;;a:5:{s:4:&quot;name&quot;;s:11:&quot;Cat\u00e9gories&quot;;s:9:&quot;rest_base&quot;;s:10:&quot;categories&quot;;s:14:&quot;rest_namespace&quot;;s:5:&quot;wp\/v2&quot;;s:4:&quot;slug&quot;;s:8:&quot;category&quot;;s:5:&quot;value&quot;;s:28:&quot;[{&quot;value&quot;:65,&quot;label&quot;:&quot;CDI&quot;}]&quot;;}}s:8:&quot;per_page&quot;;s:1:&quot;6&quot;;s:6:&quot;offset&quot;;s:1:&quot;0&quot;;s:7:&quot;orderby&quot;;s:4:&quot;date&quot;;s:5:&quot;order&quot;;s:4:&quot;desc&quot;;s:7:&quot;include&quot;;s:0:&quot;&quot;;s:7:&quot;exclude&quot;;s:0:&quot;&quot;;s:15:&quot;exclude_current&quot;;b:0;}\"\n            data-slidersettings=\"{&quot;arrows&quot;:true,&quot;dots&quot;:true,&quot;autoplaySpeed&quot;:3000,&quot;speed&quot;:500,&quot;adaptiveHeight&quot;:true,&quot;autoplay&quot;:true,&quot;infinite&quot;:true,&quot;pauseOnHover&quot;:true,&quot;slideToShowRange&quot;:3,&quot;leftArrowIcon&quot;:&quot;fas fa-chevron-circle-left&quot;,&quot;rightArrowIcon&quot;:&quot;fas fa-chevron-circle-right&quot;,&quot;addIcon&quot;:false,&quot;showFallbackImg&quot;:false,&quot;fallbackImgUrl&quot;:&quot;&quot;,&quot;isRTLEnable&quot;:false,&quot;TABslideToShowRange&quot;:2,&quot;MOBslideToShowRange&quot;:1}\"\n            data-attributes=\"{&quot;preset&quot;:&quot;style-2&quot;,&quot;showThumbnail&quot;:true,&quot;showTitle&quot;:true,&quot;titleLength&quot;:&quot;10&quot;,&quot;titleTag&quot;:&quot;h2&quot;,&quot;showContent&quot;:true,&quot;contentLength&quot;:20,&quot;expansionIndicator&quot;:&quot;...&quot;,&quot;showReadMore&quot;:false,&quot;readmoreText&quot;:&quot;Read More&quot;,&quot;showMeta&quot;:false,&quot;headerMeta&quot;:&quot;[{\\&quot;value\\&quot;:\\&quot;date\\&quot;,\\&quot;label\\&quot;:\\&quot;Published Date\\&quot;}]&quot;,&quot;footerMeta&quot;:&quot;[{\\&quot;value\\&quot;:\\&quot;avatar\\&quot;,\\&quot;label\\&quot;:\\&quot;Author Avatar\\&quot;},{\\&quot;value\\&quot;:\\&quot;author\\&quot;,\\&quot;label\\&quot;:\\&quot;Author Name\\&quot;}]&quot;,&quot;authorPrefix&quot;:&quot;by&quot;,&quot;datePrefix&quot;:&quot;on&quot;,&quot;showBlockContent&quot;:true,&quot;leftArrowIcon&quot;:&quot;fas fa-chevron-circle-left&quot;,&quot;rightArrowIcon&quot;:&quot;fas fa-chevron-circle-right&quot;,&quot;showFallbackImg&quot;:false,&quot;isRTLEnable&quot;:false}\">\n\n            <div class=\"eb-post-carousel init-eb-post-carousel-ga7d0\"\n                data-id=\"eb-post-carousel-ga7d0\">\n                <article class=\"ebpg-carousel-post ebpg-post-carousel-column\" data-id=\"1552\"><div class=\"ebpg-carousel-post-holder\"><div class=\"ebpg-entry-media\">\n                <div class=\"ebpg-entry-thumbnail\">\n                    <a class=\"ebpg-post-link-wrapper eb-sr-only\" href=\"https:\/\/collegelegrandclos.fr\/index.php\/2026\/04\/02\/remise-des-prix-du-concours-de-dessin\/\">Remise des prix du concours de dessin<\/a>\n                    <img decoding=\"async\" width=\"2560\" height=\"1920\" src=\"https:\/\/collegelegrandclos.fr\/wp-content\/uploads\/2026\/04\/IMG_20260305_101309-scaled.jpg\" class=\"attachment-full size-full\" alt=\"\" \/>\n                <\/div>\n            <\/div><div class=\"ebpg-entry-wrapper\"><header class=\"ebpg-entry-header\">\n            <h2 class=\"ebpg-entry-title\">\n                <a class=\"ebpg-carousel-post-link\" href=\"https:\/\/collegelegrandclos.fr\/index.php\/2026\/04\/02\/remise-des-prix-du-concours-de-dessin\/\" title=\"remisedesprixduconcoursdedessin\">Remise des prix du concours de dessin<\/a>\n            <\/h2>\n        <\/header><div class=\"ebpg-entry-content\"><div class=\"ebpg-carousel-post-excerpt\">\n            <p>Le jeudi 5 mars 2026, le coll\u00e8ge du Grand Clos a organis\u00e9 la remise des prix de son concours de&#8230;<\/p>\n        <\/div><\/div><\/div><\/div><\/article><article class=\"ebpg-carousel-post ebpg-post-carousel-column\" data-id=\"1520\"><div class=\"ebpg-carousel-post-holder\"><div class=\"ebpg-entry-media\">\n                <div class=\"ebpg-entry-thumbnail\">\n                    <a class=\"ebpg-post-link-wrapper eb-sr-only\" href=\"https:\/\/collegelegrandclos.fr\/index.php\/2026\/03\/17\/nuit-de-la-lecture-2026\/\">Nuit de la Lecture 2026<\/a>\n                    <img decoding=\"async\" width=\"1154\" height=\"496\" src=\"https:\/\/collegelegrandclos.fr\/wp-content\/uploads\/2026\/03\/BANNIERE-X_1500x500px-1.jpg\" class=\"attachment-full size-full\" alt=\"\" \/>\n                <\/div>\n            <\/div><div class=\"ebpg-entry-wrapper\"><header class=\"ebpg-entry-header\">\n            <h2 class=\"ebpg-entry-title\">\n                <a class=\"ebpg-carousel-post-link\" href=\"https:\/\/collegelegrandclos.fr\/index.php\/2026\/03\/17\/nuit-de-la-lecture-2026\/\" title=\"nuitdelalecture2026\">Nuit de la Lecture 2026<\/a>\n            <\/h2>\n        <\/header><div class=\"ebpg-entry-content\"><div class=\"ebpg-carousel-post-excerpt\">\n            <p>Le jeudi 22 janvier 2026, de 17h30 \u00e0 19h30, le coll\u00e8ge du Grand Clos a vibr\u00e9 au rythme des mots&#8230;<\/p>\n        <\/div><\/div><\/div><\/div><\/article><article class=\"ebpg-carousel-post ebpg-post-carousel-column\" data-id=\"1390\"><div class=\"ebpg-carousel-post-holder\"><div class=\"ebpg-entry-media\">\n                <div class=\"ebpg-entry-thumbnail\">\n                    <a class=\"ebpg-post-link-wrapper eb-sr-only\" href=\"https:\/\/collegelegrandclos.fr\/index.php\/2025\/07\/08\/concours-decriture-2025\/\">Concours d&rsquo;\u00e9criture 2025<\/a>\n                    <img loading=\"lazy\" decoding=\"async\" width=\"910\" height=\"491\" src=\"https:\/\/collegelegrandclos.fr\/wp-content\/uploads\/2025\/07\/ecriture.jpg\" class=\"attachment-full size-full\" alt=\"\" \/>\n                <\/div>\n            <\/div><div class=\"ebpg-entry-wrapper\"><header class=\"ebpg-entry-header\">\n            <h2 class=\"ebpg-entry-title\">\n                <a class=\"ebpg-carousel-post-link\" href=\"https:\/\/collegelegrandclos.fr\/index.php\/2025\/07\/08\/concours-decriture-2025\/\" title=\"concoursdcriture2025\">Concours d&rsquo;\u00e9criture 2025<\/a>\n            <\/h2>\n        <\/header><div class=\"ebpg-entry-content\"><div class=\"ebpg-carousel-post-excerpt\">\n            <p>Au printemps, un concours d&rsquo;\u00e9criture \u00e9tait propos\u00e9 aux \u00e9l\u00e8ves du coll\u00e8ge du Grand Clos sur le th\u00e8me \u00ab\u00a0Imagine un futur\u00a0\u00bb&#8230;.<\/p>\n        <\/div><\/div><\/div><\/div><\/article>            <\/div>\n        <\/div>\n    <\/div>\n<\/div>\n\n\n<p><\/p>\n","protected":false},"excerpt":{"rendered":"<p>Le Centre de Documentation et d\u2019Information (C.D.I.) est un lieu de d\u00e9couverte culturelle, de travail, de lecture et de formation \u00e0 l\u2019\u00c9ducation aux M\u00e9dias et \u00e0 l\u2019Information. C&rsquo;est un lieu ouvert aux \u00e9l\u00e8ves, enseignants et personnels du coll\u00e8ge. Les horaires sont les suivants : Il peut \u00eatre r\u00e9serv\u00e9 pour une s\u00e9ance p\u00e9dagogique avec une classe [&hellip;]<\/p>\n","protected":false},"author":1,"featured_media":0,"parent":0,"menu_order":0,"comment_status":"closed","ping_status":"closed","template":"","meta":{"_eb_attr":"","_monsterinsights_skip_tracking":false,"_monsterinsights_sitenote_active":false,"_monsterinsights_sitenote_note":"","_monsterinsights_sitenote_category":0,"ocean_post_layout":"","ocean_both_sidebars_style":"","ocean_both_sidebars_content_width":0,"ocean_both_sidebars_sidebars_width":0,"ocean_sidebar":"","ocean_second_sidebar":"","ocean_disable_margins":"enable","ocean_add_body_class":"","ocean_shortcode_before_top_bar":"","ocean_shortcode_after_top_bar":"","ocean_shortcode_before_header":"","ocean_shortcode_after_header":"","ocean_has_shortcode":"","ocean_shortcode_after_title":"","ocean_shortcode_before_footer_widgets":"","ocean_shortcode_after_footer_widgets":"","ocean_shortcode_before_footer_bottom":"","ocean_shortcode_after_footer_bottom":"","ocean_display_top_bar":"default","ocean_display_header":"default","ocean_header_style":"","ocean_center_header_left_menu":"","ocean_custom_header_template":"","ocean_custom_logo":0,"ocean_custom_retina_logo":0,"ocean_custom_logo_max_width":0,"ocean_custom_logo_tablet_max_width":0,"ocean_custom_logo_mobile_max_width":0,"ocean_custom_logo_max_height":0,"ocean_custom_logo_tablet_max_height":0,"ocean_custom_logo_mobile_max_height":0,"ocean_header_custom_menu":"","ocean_menu_typo_font_family":"","ocean_menu_typo_font_subset":"","ocean_menu_typo_font_size":0,"ocean_menu_typo_font_size_tablet":0,"ocean_menu_typo_font_size_mobile":0,"ocean_menu_typo_font_size_unit":"px","ocean_menu_typo_font_weight":"","ocean_menu_typo_font_weight_tablet":"","ocean_menu_typo_font_weight_mobile":"","ocean_menu_typo_transform":"","ocean_menu_typo_transform_tablet":"","ocean_menu_typo_transform_mobile":"","ocean_menu_typo_line_height":0,"ocean_menu_typo_line_height_tablet":0,"ocean_menu_typo_line_height_mobile":0,"ocean_menu_typo_line_height_unit":"","ocean_menu_typo_spacing":0,"ocean_menu_typo_spacing_tablet":0,"ocean_menu_typo_spacing_mobile":0,"ocean_menu_typo_spacing_unit":"","ocean_menu_link_color":"","ocean_menu_link_color_hover":"","ocean_menu_link_color_active":"","ocean_menu_link_background":"","ocean_menu_link_hover_background":"","ocean_menu_link_active_background":"","ocean_menu_social_links_bg":"","ocean_menu_social_hover_links_bg":"","ocean_menu_social_links_color":"","ocean_menu_social_hover_links_color":"","ocean_disable_title":"default","ocean_disable_heading":"default","ocean_post_title":"","ocean_post_subheading":"","ocean_post_title_style":"","ocean_post_title_background_color":"","ocean_post_title_background":0,"ocean_post_title_bg_image_position":"","ocean_post_title_bg_image_attachment":"","ocean_post_title_bg_image_repeat":"","ocean_post_title_bg_image_size":"","ocean_post_title_height":0,"ocean_post_title_bg_overlay":0.5,"ocean_post_title_bg_overlay_color":"","ocean_disable_breadcrumbs":"default","ocean_breadcrumbs_color":"","ocean_breadcrumbs_separator_color":"","ocean_breadcrumbs_links_color":"","ocean_breadcrumbs_links_hover_color":"","ocean_display_footer_widgets":"default","ocean_display_footer_bottom":"default","ocean_custom_footer_template":"","cybocfi_hide_featured_image":"","footnotes":""},"class_list":["post-472","page","type-page","status-publish","hentry","entry"],"aioseo_notices":[],"yoast_head":"<!-- This site is optimized with the Yoast SEO plugin v27.3 - https:\/\/yoast.com\/product\/yoast-seo-wordpress\/ -->\n<title>Le CDI - LE GRAND CLOS<\/title>\n<meta name=\"description\" content=\"Grand clos, projets, CDI, coll\u00e8ge, montargis, cit\u00e9 \u00e9ducative, actions, classe foot, m\u00e9diath\u00e8que, sports, self, pronote, mon e coll\u00e8ge\" \/>\n<meta name=\"robots\" content=\"index, follow, max-snippet:-1, max-image-preview:large, max-video-preview:-1\" \/>\n<link rel=\"canonical\" href=\"https:\/\/collegelegrandclos.fr\/index.php\/cdi\/\" \/>\n<meta property=\"og:locale\" content=\"fr_FR\" \/>\n<meta property=\"og:type\" content=\"article\" \/>\n<meta property=\"og:title\" content=\"Le CDI - LE GRAND CLOS\" \/>\n<meta property=\"og:description\" content=\"Grand clos, projets, CDI, coll\u00e8ge, montargis, cit\u00e9 \u00e9ducative, actions, classe foot, m\u00e9diath\u00e8que, sports, self, pronote, mon e coll\u00e8ge\" \/>\n<meta property=\"og:url\" content=\"https:\/\/collegelegrandclos.fr\/index.php\/cdi\/\" \/>\n<meta property=\"og:site_name\" content=\"LE GRAND CLOS\" \/>\n<meta property=\"article:modified_time\" content=\"2025-10-24T15:17:50+00:00\" \/>\n<meta property=\"og:image\" content=\"https:\/\/collegelegrandclos.fr\/wp-content\/uploads\/2025\/10\/books-1841116_1280-200x300.jpg\" \/>\n<meta name=\"twitter:card\" content=\"summary_large_image\" \/>\n<meta name=\"twitter:label1\" content=\"Dur\u00e9e de lecture estim\u00e9e\" \/>\n\t<meta name=\"twitter:data1\" content=\"1 minute\" \/>\n<script type=\"application\/ld+json\" class=\"yoast-schema-graph\">{\"@context\":\"https:\\\/\\\/schema.org\",\"@graph\":[{\"@type\":\"WebPage\",\"@id\":\"https:\\\/\\\/collegelegrandclos.fr\\\/index.php\\\/cdi\\\/\",\"url\":\"https:\\\/\\\/collegelegrandclos.fr\\\/index.php\\\/cdi\\\/\",\"name\":\"Le CDI - LE GRAND CLOS\",\"isPartOf\":{\"@id\":\"http:\\\/\\\/collegelegrandclos.fr\\\/#website\"},\"primaryImageOfPage\":{\"@id\":\"https:\\\/\\\/collegelegrandclos.fr\\\/index.php\\\/cdi\\\/#primaryimage\"},\"image\":{\"@id\":\"https:\\\/\\\/collegelegrandclos.fr\\\/index.php\\\/cdi\\\/#primaryimage\"},\"thumbnailUrl\":\"https:\\\/\\\/collegelegrandclos.fr\\\/wp-content\\\/uploads\\\/2025\\\/10\\\/books-1841116_1280-200x300.jpg\",\"datePublished\":\"2024-12-29T16:57:48+00:00\",\"dateModified\":\"2025-10-24T15:17:50+00:00\",\"description\":\"Grand clos, projets, CDI, coll\u00e8ge, montargis, cit\u00e9 \u00e9ducative, actions, classe foot, m\u00e9diath\u00e8que, sports, self, pronote, mon e coll\u00e8ge\",\"breadcrumb\":{\"@id\":\"https:\\\/\\\/collegelegrandclos.fr\\\/index.php\\\/cdi\\\/#breadcrumb\"},\"inLanguage\":\"fr-FR\",\"potentialAction\":[{\"@type\":\"ReadAction\",\"target\":[\"https:\\\/\\\/collegelegrandclos.fr\\\/index.php\\\/cdi\\\/\"]}]},{\"@type\":\"ImageObject\",\"inLanguage\":\"fr-FR\",\"@id\":\"https:\\\/\\\/collegelegrandclos.fr\\\/index.php\\\/cdi\\\/#primaryimage\",\"url\":\"https:\\\/\\\/collegelegrandclos.fr\\\/wp-content\\\/uploads\\\/2025\\\/10\\\/books-1841116_1280.jpg\",\"contentUrl\":\"https:\\\/\\\/collegelegrandclos.fr\\\/wp-content\\\/uploads\\\/2025\\\/10\\\/books-1841116_1280.jpg\",\"width\":854,\"height\":1280},{\"@type\":\"BreadcrumbList\",\"@id\":\"https:\\\/\\\/collegelegrandclos.fr\\\/index.php\\\/cdi\\\/#breadcrumb\",\"itemListElement\":[{\"@type\":\"ListItem\",\"position\":1,\"name\":\"Accueil\",\"item\":\"http:\\\/\\\/collegelegrandclos.fr\\\/\"},{\"@type\":\"ListItem\",\"position\":2,\"name\":\"Le CDI\"}]},{\"@type\":\"WebSite\",\"@id\":\"http:\\\/\\\/collegelegrandclos.fr\\\/#website\",\"url\":\"http:\\\/\\\/collegelegrandclos.fr\\\/\",\"name\":\"LE GRAND CLOS\",\"description\":\"\",\"publisher\":{\"@id\":\"http:\\\/\\\/collegelegrandclos.fr\\\/#organization\"},\"potentialAction\":[{\"@type\":\"SearchAction\",\"target\":{\"@type\":\"EntryPoint\",\"urlTemplate\":\"http:\\\/\\\/collegelegrandclos.fr\\\/?s={search_term_string}\"},\"query-input\":{\"@type\":\"PropertyValueSpecification\",\"valueRequired\":true,\"valueName\":\"search_term_string\"}}],\"inLanguage\":\"fr-FR\"},{\"@type\":\"Organization\",\"@id\":\"http:\\\/\\\/collegelegrandclos.fr\\\/#organization\",\"name\":\"LE GRAND CLOS\",\"url\":\"http:\\\/\\\/collegelegrandclos.fr\\\/\",\"logo\":{\"@type\":\"ImageObject\",\"inLanguage\":\"fr-FR\",\"@id\":\"http:\\\/\\\/collegelegrandclos.fr\\\/#\\\/schema\\\/logo\\\/image\\\/\",\"url\":\"\",\"contentUrl\":\"\",\"caption\":\"LE GRAND CLOS\"},\"image\":{\"@id\":\"http:\\\/\\\/collegelegrandclos.fr\\\/#\\\/schema\\\/logo\\\/image\\\/\"}}]}<\/script>\n<!-- \/ Yoast SEO plugin. -->","yoast_head_json":{"title":"Le CDI - LE GRAND CLOS","description":"Grand clos, projets, CDI, coll\u00e8ge, montargis, cit\u00e9 \u00e9ducative, actions, classe foot, m\u00e9diath\u00e8que, sports, self, pronote, mon e coll\u00e8ge","robots":{"index":"index","follow":"follow","max-snippet":"max-snippet:-1","max-image-preview":"max-image-preview:large","max-video-preview":"max-video-preview:-1"},"canonical":"https:\/\/collegelegrandclos.fr\/index.php\/cdi\/","og_locale":"fr_FR","og_type":"article","og_title":"Le CDI - LE GRAND CLOS","og_description":"Grand clos, projets, CDI, coll\u00e8ge, montargis, cit\u00e9 \u00e9ducative, actions, classe foot, m\u00e9diath\u00e8que, sports, self, pronote, mon e coll\u00e8ge","og_url":"https:\/\/collegelegrandclos.fr\/index.php\/cdi\/","og_site_name":"LE GRAND CLOS","article_modified_time":"2025-10-24T15:17:50+00:00","og_image":[{"url":"https:\/\/collegelegrandclos.fr\/wp-content\/uploads\/2025\/10\/books-1841116_1280-200x300.jpg","type":"","width":"","height":""}],"twitter_card":"summary_large_image","twitter_misc":{"Dur\u00e9e de lecture estim\u00e9e":"1 minute"},"schema":{"@context":"https:\/\/schema.org","@graph":[{"@type":"WebPage","@id":"https:\/\/collegelegrandclos.fr\/index.php\/cdi\/","url":"https:\/\/collegelegrandclos.fr\/index.php\/cdi\/","name":"Le CDI - LE GRAND CLOS","isPartOf":{"@id":"http:\/\/collegelegrandclos.fr\/#website"},"primaryImageOfPage":{"@id":"https:\/\/collegelegrandclos.fr\/index.php\/cdi\/#primaryimage"},"image":{"@id":"https:\/\/collegelegrandclos.fr\/index.php\/cdi\/#primaryimage"},"thumbnailUrl":"https:\/\/collegelegrandclos.fr\/wp-content\/uploads\/2025\/10\/books-1841116_1280-200x300.jpg","datePublished":"2024-12-29T16:57:48+00:00","dateModified":"2025-10-24T15:17:50+00:00","description":"Grand clos, projets, CDI, coll\u00e8ge, montargis, cit\u00e9 \u00e9ducative, actions, classe foot, m\u00e9diath\u00e8que, sports, self, pronote, mon e coll\u00e8ge","breadcrumb":{"@id":"https:\/\/collegelegrandclos.fr\/index.php\/cdi\/#breadcrumb"},"inLanguage":"fr-FR","potentialAction":[{"@type":"ReadAction","target":["https:\/\/collegelegrandclos.fr\/index.php\/cdi\/"]}]},{"@type":"ImageObject","inLanguage":"fr-FR","@id":"https:\/\/collegelegrandclos.fr\/index.php\/cdi\/#primaryimage","url":"https:\/\/collegelegrandclos.fr\/wp-content\/uploads\/2025\/10\/books-1841116_1280.jpg","contentUrl":"https:\/\/collegelegrandclos.fr\/wp-content\/uploads\/2025\/10\/books-1841116_1280.jpg","width":854,"height":1280},{"@type":"BreadcrumbList","@id":"https:\/\/collegelegrandclos.fr\/index.php\/cdi\/#breadcrumb","itemListElement":[{"@type":"ListItem","position":1,"name":"Accueil","item":"http:\/\/collegelegrandclos.fr\/"},{"@type":"ListItem","position":2,"name":"Le CDI"}]},{"@type":"WebSite","@id":"http:\/\/collegelegrandclos.fr\/#website","url":"http:\/\/collegelegrandclos.fr\/","name":"LE GRAND CLOS","description":"","publisher":{"@id":"http:\/\/collegelegrandclos.fr\/#organization"},"potentialAction":[{"@type":"SearchAction","target":{"@type":"EntryPoint","urlTemplate":"http:\/\/collegelegrandclos.fr\/?s={search_term_string}"},"query-input":{"@type":"PropertyValueSpecification","valueRequired":true,"valueName":"search_term_string"}}],"inLanguage":"fr-FR"},{"@type":"Organization","@id":"http:\/\/collegelegrandclos.fr\/#organization","name":"LE GRAND CLOS","url":"http:\/\/collegelegrandclos.fr\/","logo":{"@type":"ImageObject","inLanguage":"fr-FR","@id":"http:\/\/collegelegrandclos.fr\/#\/schema\/logo\/image\/","url":"","contentUrl":"","caption":"LE GRAND CLOS"},"image":{"@id":"http:\/\/collegelegrandclos.fr\/#\/schema\/logo\/image\/"}}]}},"_links":{"self":[{"href":"https:\/\/collegelegrandclos.fr\/index.php\/wp-json\/wp\/v2\/pages\/472","targetHints":{"allow":["GET"]}}],"collection":[{"href":"https:\/\/collegelegrandclos.fr\/index.php\/wp-json\/wp\/v2\/pages"}],"about":[{"href":"https:\/\/collegelegrandclos.fr\/index.php\/wp-json\/wp\/v2\/types\/page"}],"author":[{"embeddable":true,"href":"https:\/\/collegelegrandclos.fr\/index.php\/wp-json\/wp\/v2\/users\/1"}],"replies":[{"embeddable":true,"href":"https:\/\/collegelegrandclos.fr\/index.php\/wp-json\/wp\/v2\/comments?post=472"}],"version-history":[{"count":16,"href":"https:\/\/collegelegrandclos.fr\/index.php\/wp-json\/wp\/v2\/pages\/472\/revisions"}],"predecessor-version":[{"id":1437,"href":"https:\/\/collegelegrandclos.fr\/index.php\/wp-json\/wp\/v2\/pages\/472\/revisions\/1437"}],"wp:attachment":[{"href":"https:\/\/collegelegrandclos.fr\/index.php\/wp-json\/wp\/v2\/media?parent=472"}],"curies":[{"name":"wp","href":"https:\/\/api.w.org\/{rel}","templated":true}]}}