{"id":421,"date":"2024-12-29T16:47:54","date_gmt":"2024-12-29T15:47:54","guid":{"rendered":"https:\/\/collegelegrandclos.fr\/?page_id=421"},"modified":"2025-10-24T16:04:14","modified_gmt":"2025-10-24T14:04:14","slug":"administration","status":"publish","type":"page","link":"https:\/\/collegelegrandclos.fr\/index.php\/administration\/","title":{"rendered":"ADMINISTRATION"},"content":{"rendered":"\n<div class=\"wp-block-essential-blocks-advanced-heading  root-eb-advance-heading-q8jjk\"><div class=\"eb-parent-wrapper eb-parent-eb-advance-heading-q8jjk \"><div class=\"eb-advance-heading-wrapper eb-advance-heading-q8jjk button-1 undefined\" data-id=\"eb-advance-heading-q8jjk\"><h2 class=\"eb-ah-title\"><span class=\"first-title\"><br>Conseils d&rsquo;administrations 2024-2025 <\/span><\/h2><\/div><\/div><\/div>\n\n\n\n<div data-wp-interactive=\"core\/file\" class=\"wp-block-file\"><object data-wp-bind--hidden=\"!state.hasPdfPreview\" hidden class=\"wp-block-file__embed\" data=\"http:\/\/collegelegrandclos.fr\/wp-content\/uploads\/2025\/01\/PVCA28nov24.pdf\" type=\"application\/pdf\" style=\"width:100%;height:200px\" aria-label=\"Contenu embarqu\u00e9 PVCA28nov24.\"><\/object><a id=\"wp-block-file--media-d977141a-0c95-4027-90a7-002d040de7c9\" href=\"http:\/\/collegelegrandclos.fr\/wp-content\/uploads\/2025\/01\/PVCA28nov24.pdf\">PVCA28nov24<\/a><a href=\"http:\/\/collegelegrandclos.fr\/wp-content\/uploads\/2025\/01\/PVCA28nov24.pdf\" class=\"wp-block-file__button wp-element-button\" download aria-describedby=\"wp-block-file--media-d977141a-0c95-4027-90a7-002d040de7c9\">T\u00e9l\u00e9charger<\/a><\/div>\n\n\n\n<div data-wp-interactive=\"core\/file\" class=\"wp-block-file\"><object data-wp-bind--hidden=\"!state.hasPdfPreview\" hidden class=\"wp-block-file__embed\" data=\"http:\/\/collegelegrandclos.fr\/wp-content\/uploads\/2025\/01\/pv-ca-05112024-3.pdf\" type=\"application\/pdf\" style=\"width:100%;height:200px\" aria-label=\"Contenu embarqu\u00e9 pv ca 05112024 (3).\"><\/object><a id=\"wp-block-file--media-63b8669d-0462-499b-afd2-85a7464203aa\" href=\"http:\/\/collegelegrandclos.fr\/wp-content\/uploads\/2025\/01\/pv-ca-05112024-3.pdf\" target=\"_blank\" rel=\"noreferrer noopener\">pv ca 05112024 (3)<\/a><a href=\"http:\/\/collegelegrandclos.fr\/wp-content\/uploads\/2025\/01\/pv-ca-05112024-3.pdf\" class=\"wp-block-file__button wp-element-button\" download aria-describedby=\"wp-block-file--media-63b8669d-0462-499b-afd2-85a7464203aa\">T\u00e9l\u00e9charger<\/a><\/div>\n\n\n\n<h2 class=\"wp-block-heading\">Nous contacter<\/h2>\n\n\n<div class=\"root-eb-post-grid-z0mpp wp-block-essential-blocks-post-grid\">\n    <div class=\"eb-parent-wrapper eb-parent-eb-post-grid-z0mpp \">\n        <div class=\"eb-post-grid-z0mpp style-3 eb-post-grid-wrapper\"\n            data-id=\"eb-post-grid-z0mpp\"\n            data-querydata=\"{&quot;source&quot;:&quot;post&quot;,&quot;sourceIndex&quot;:0,&quot;rest_base&quot;:&quot;posts&quot;,&quot;rest_namespace&quot;:&quot;wp\\\/v2&quot;,&quot;author&quot;:&quot;&quot;,&quot;taxonomies&quot;:{&quot;category&quot;:{&quot;name&quot;:&quot;Cat\\u00e9gories&quot;,&quot;rest_base&quot;:&quot;categories&quot;,&quot;rest_namespace&quot;:&quot;wp\\\/v2&quot;,&quot;slug&quot;:&quot;category&quot;,&quot;value&quot;:&quot;[{\\&quot;value\\&quot;:9,\\&quot;label\\&quot;:\\&quot;administration\\&quot;}]&quot;}},&quot;per_page&quot;:&quot;6&quot;,&quot;offset&quot;:&quot;0&quot;,&quot;orderby&quot;:&quot;date&quot;,&quot;order&quot;:&quot;desc&quot;,&quot;include&quot;:&quot;&quot;,&quot;exclude&quot;:&quot;&quot;,&quot;exclude_current&quot;:false}\"\n            data-attributes=\"{&quot;thumbnailSize&quot;:&quot;&quot;,&quot;loadMoreOptions&quot;:{&quot;totalPosts&quot;:1},&quot;showSearch&quot;:false,&quot;showTaxonomyFilter&quot;:false,&quot;enableAjaxSearch&quot;:false,&quot;addIcon&quot;:false,&quot;iconPosition&quot;:&quot;left&quot;,&quot;icon&quot;:&quot;fas fa-chevron-right&quot;,&quot;preset&quot;:&quot;style-3&quot;,&quot;defaultFilter&quot;:&quot;all&quot;,&quot;version&quot;:&quot;v2&quot;,&quot;showBlockContent&quot;:true,&quot;showFallbackImg&quot;:false,&quot;fallbackImgUrl&quot;:&quot;&quot;,&quot;showThumbnail&quot;:true,&quot;showTitle&quot;:true,&quot;titleLength&quot;:&quot;&quot;,&quot;titleTag&quot;:&quot;h2&quot;,&quot;showContent&quot;:true,&quot;contentLength&quot;:20,&quot;expansionIndicator&quot;:&quot;...&quot;,&quot;showReadMore&quot;:false,&quot;readmoreText&quot;:&quot;Read More&quot;,&quot;showMeta&quot;:true,&quot;headerMeta&quot;:&quot;[{\\&quot;value\\&quot;:\\&quot;date\\&quot;,\\&quot;label\\&quot;:\\&quot;Published Date\\&quot;}]&quot;,&quot;footerMeta&quot;:&quot;[{\\&quot;value\\&quot;:\\&quot;avatar\\&quot;,\\&quot;label\\&quot;:\\&quot;Author Avatar\\&quot;}]&quot;,&quot;authorPrefix&quot;:&quot;by&quot;,&quot;datePrefix&quot;:&quot;on&quot;}\">\n\n            \n\n            <div class=\"eb-post-grid-posts-wrapper\"><article class=\"ebpg-grid-post ebpg-post-grid-column\" data-id=\"204\"><div class=\"ebpg-grid-post-holder\"><div class=\"ebpg-entry-wrapper\"><div class=\"ebpg-entry-media\">\n                <div class=\"ebpg-entry-thumbnail\">\n                    <a class=\"ebpg-post-link-wrapper eb-sr-only\" href=\"https:\/\/collegelegrandclos.fr\/index.php\/2024\/12\/28\/livret-accueil\/\">Livret accueil<\/a>\n                    <img fetchpriority=\"high\" decoding=\"async\" width=\"1280\" height=\"853\" src=\"https:\/\/collegelegrandclos.fr\/wp-content\/uploads\/2024\/12\/hands-2847508_1280-1.jpg\" class=\"attachment-full size-full\" alt=\"\" \/>\n                <\/div>\n            <\/div><header class=\"ebpg-entry-header\">\n            <h2 class=\"ebpg-entry-title\">\n                <a class=\"ebpg-grid-post-link\" href=\"https:\/\/collegelegrandclos.fr\/index.php\/2024\/12\/28\/livret-accueil\/\" title=\"livretaccueil\">Livret accueil<\/a>\n            <\/h2>\n        <\/header><div class=\"ebpg-entry-meta ebpg-header-meta\"><div class=\"ebpg-entry-meta-items\"><span class=\"ebpg-posted-on\">\n            on <time dateTime=\"2024-12-28T10:33:42+01:00\">28 d\u00e9cembre 2024<\/time>\n        <\/span><\/div><\/div><div class=\"ebpg-entry-content\"><div class=\"ebpg-grid-post-excerpt\">\n            <p>\u00a0\n\n\n\n\n&nbsp;Le coll\u00e8ge du Grand Clos est situ\u00e9 \u00e0 Montargis dans le quartier de la Chauss\u00e9e. Il fait partie du r\u00e9seau&#8230;<\/p>\n        <\/div><\/div><div class=\"ebpg-entry-meta ebpg-footer-meta\"><div class=\"ebpg-author-avatar\">\n            <a href=\"https:\/\/collegelegrandclos.fr\/index.php\/author\/college\/\">\n                <img decoding=\"async\" alt=\"Grand Clos\" src=\"https:\/\/secure.gravatar.com\/avatar\/3f7f308c06f825a6559d6996c68b3354970e9cc04cf28754ff94ef8dc8d91b67?s=96&amp;d=blank&amp;r=g\" \/>\n            <\/a>\n        <\/div><div class=\"ebpg-entry-meta-items\"><\/div><\/div><\/div><\/div><\/article><\/div>        <\/div>\n    <\/div>\n<\/div>\n\n\n\n<div class=\"wp-block-essential-blocks-advanced-navigation  root-eb-advanced-navigation-bg7hl\"><div class=\"eb-parent-wrapper eb-parent-eb-advanced-navigation-bg7hl \"><div class=\"eb-advanced-navigation-bg7hl eb-advanced-navigation-wrapper v2 is-horizontal preset-1 items-justified-left responsive-icon close-icon-right\"><div class=\"eb-nav-contents\"><nav class=\"is-responsive is-horizontal items-justified-left wp-block-navigation is-layout-flex wp-block-navigation-is-layout-flex\" aria-label=\"Navigation\" \n\t\t data-wp-interactive=\"core\/navigation\" data-wp-context='{\"overlayOpenedBy\":{\"click\":false,\"hover\":false,\"focus\":false},\"type\":\"overlay\",\"roleAttribute\":\"\",\"ariaLabel\":\"Menu\"}'><button aria-haspopup=\"dialog\" aria-label=\"Ouvrir le menu\" class=\"wp-block-navigation__responsive-container-open\" \n\t\t\t\tdata-wp-on--click=\"actions.openMenuOnClick\"\n\t\t\t\tdata-wp-on--keydown=\"actions.handleMenuKeydown\"\n\t\t\t><svg width=\"24\" height=\"24\" xmlns=\"http:\/\/www.w3.org\/2000\/svg\" viewBox=\"0 0 24 24\" aria-hidden=\"true\" focusable=\"false\"><path d=\"M4 7.5h16v1.5H4z\"><\/path><path d=\"M4 15h16v1.5H4z\"><\/path><\/svg><\/button>\n\t\t\t\t<div class=\"wp-block-navigation__responsive-container\"  id=\"modal-1\" \n\t\t\t\tdata-wp-class--has-modal-open=\"state.isMenuOpen\"\n\t\t\t\tdata-wp-class--is-menu-open=\"state.isMenuOpen\"\n\t\t\t\tdata-wp-watch=\"callbacks.initMenu\"\n\t\t\t\tdata-wp-on--keydown=\"actions.handleMenuKeydown\"\n\t\t\t\tdata-wp-on--focusout=\"actions.handleMenuFocusout\"\n\t\t\t\ttabindex=\"-1\"\n\t\t\t>\n\t\t\t\t\t<div class=\"wp-block-navigation__responsive-close\" tabindex=\"-1\">\n\t\t\t\t\t\t<div class=\"wp-block-navigation__responsive-dialog\" \n\t\t\t\tdata-wp-bind--aria-modal=\"state.ariaModal\"\n\t\t\t\tdata-wp-bind--aria-label=\"state.ariaLabel\"\n\t\t\t\tdata-wp-bind--role=\"state.roleAttribute\"\n\t\t\t>\n\t\t\t\t\t\t\t<button aria-label=\"Fermer le menu\" class=\"wp-block-navigation__responsive-container-close\" \n\t\t\t\tdata-wp-on--click=\"actions.closeMenuOnClick\"\n\t\t\t><svg xmlns=\"http:\/\/www.w3.org\/2000\/svg\" viewBox=\"0 0 24 24\" width=\"24\" height=\"24\" aria-hidden=\"true\" focusable=\"false\"><path d=\"m13.06 12 6.47-6.47-1.06-1.06L12 10.94 5.53 4.47 4.47 5.53 10.94 12l-6.47 6.47 1.06 1.06L12 13.06l6.47 6.47 1.06-1.06L13.06 12Z\"><\/path><\/svg><\/button>\n\t\t\t\t\t\t\t<div class=\"wp-block-navigation__responsive-container-content\" \n\t\t\t\tdata-wp-watch=\"callbacks.focusFirstElement\"\n\t\t\t id=\"modal-1-content\">\n\t\t\t\t\t\t\t\t\n\t\t\t\t\t\t\t<\/div>\n\t\t\t\t\t\t<\/div>\n\t\t\t\t\t<\/div>\n\t\t\t\t<\/div><\/nav><\/div><\/div><\/div><\/div>\n\n\n\n<p><\/p>\n","protected":false},"excerpt":{"rendered":"<p>Nous contacter<\/p>\n","protected":false},"author":1,"featured_media":0,"parent":0,"menu_order":0,"comment_status":"closed","ping_status":"closed","template":"","meta":{"_eb_attr":"","_monsterinsights_skip_tracking":false,"_monsterinsights_sitenote_active":false,"_monsterinsights_sitenote_note":"","_monsterinsights_sitenote_category":0,"ocean_post_layout":"","ocean_both_sidebars_style":"","ocean_both_sidebars_content_width":0,"ocean_both_sidebars_sidebars_width":0,"ocean_sidebar":"","ocean_second_sidebar":"","ocean_disable_margins":"enable","ocean_add_body_class":"","ocean_shortcode_before_top_bar":"","ocean_shortcode_after_top_bar":"","ocean_shortcode_before_header":"","ocean_shortcode_after_header":"","ocean_has_shortcode":"","ocean_shortcode_after_title":"","ocean_shortcode_before_footer_widgets":"","ocean_shortcode_after_footer_widgets":"","ocean_shortcode_before_footer_bottom":"","ocean_shortcode_after_footer_bottom":"","ocean_display_top_bar":"default","ocean_display_header":"default","ocean_header_style":"","ocean_center_header_left_menu":"","ocean_custom_header_template":"","ocean_custom_logo":0,"ocean_custom_retina_logo":0,"ocean_custom_logo_max_width":0,"ocean_custom_logo_tablet_max_width":0,"ocean_custom_logo_mobile_max_width":0,"ocean_custom_logo_max_height":0,"ocean_custom_logo_tablet_max_height":0,"ocean_custom_logo_mobile_max_height":0,"ocean_header_custom_menu":"","ocean_menu_typo_font_family":"","ocean_menu_typo_font_subset":"","ocean_menu_typo_font_size":0,"ocean_menu_typo_font_size_tablet":0,"ocean_menu_typo_font_size_mobile":0,"ocean_menu_typo_font_size_unit":"px","ocean_menu_typo_font_weight":"","ocean_menu_typo_font_weight_tablet":"","ocean_menu_typo_font_weight_mobile":"","ocean_menu_typo_transform":"","ocean_menu_typo_transform_tablet":"","ocean_menu_typo_transform_mobile":"","ocean_menu_typo_line_height":0,"ocean_menu_typo_line_height_tablet":0,"ocean_menu_typo_line_height_mobile":0,"ocean_menu_typo_line_height_unit":"","ocean_menu_typo_spacing":0,"ocean_menu_typo_spacing_tablet":0,"ocean_menu_typo_spacing_mobile":0,"ocean_menu_typo_spacing_unit":"","ocean_menu_link_color":"","ocean_menu_link_color_hover":"","ocean_menu_link_color_active":"","ocean_menu_link_background":"","ocean_menu_link_hover_background":"","ocean_menu_link_active_background":"","ocean_menu_social_links_bg":"","ocean_menu_social_hover_links_bg":"","ocean_menu_social_links_color":"","ocean_menu_social_hover_links_color":"","ocean_disable_title":"default","ocean_disable_heading":"default","ocean_post_title":"","ocean_post_subheading":"","ocean_post_title_style":"","ocean_post_title_background_color":"","ocean_post_title_background":0,"ocean_post_title_bg_image_position":"","ocean_post_title_bg_image_attachment":"","ocean_post_title_bg_image_repeat":"","ocean_post_title_bg_image_size":"","ocean_post_title_height":0,"ocean_post_title_bg_overlay":0.5,"ocean_post_title_bg_overlay_color":"","ocean_disable_breadcrumbs":"default","ocean_breadcrumbs_color":"","ocean_breadcrumbs_separator_color":"","ocean_breadcrumbs_links_color":"","ocean_breadcrumbs_links_hover_color":"","ocean_display_footer_widgets":"default","ocean_display_footer_bottom":"default","ocean_custom_footer_template":"","cybocfi_hide_featured_image":"","footnotes":""},"class_list":["post-421","page","type-page","status-publish","hentry","entry"],"aioseo_notices":[],"yoast_head":"<!-- This site is optimized with the Yoast SEO plugin v27.3 - https:\/\/yoast.com\/product\/yoast-seo-wordpress\/ -->\n<title>ADMINISTRATION - LE GRAND CLOS<\/title>\n<meta name=\"description\" content=\"Grand clos, projets, CDI, coll\u00e8ge, montargis, cit\u00e9 \u00e9ducative, actions, classe foot, m\u00e9diath\u00e8que, sports, self, pronote, mon e coll\u00e8ge\" \/>\n<meta name=\"robots\" content=\"index, follow, max-snippet:-1, max-image-preview:large, max-video-preview:-1\" \/>\n<link rel=\"canonical\" href=\"https:\/\/collegelegrandclos.fr\/index.php\/administration\/\" \/>\n<meta property=\"og:locale\" content=\"fr_FR\" \/>\n<meta property=\"og:type\" content=\"article\" \/>\n<meta property=\"og:title\" content=\"ADMINISTRATION - LE GRAND CLOS\" \/>\n<meta property=\"og:description\" content=\"Grand clos, projets, CDI, coll\u00e8ge, montargis, cit\u00e9 \u00e9ducative, actions, classe foot, m\u00e9diath\u00e8que, sports, self, pronote, mon e coll\u00e8ge\" \/>\n<meta property=\"og:url\" content=\"https:\/\/collegelegrandclos.fr\/index.php\/administration\/\" \/>\n<meta property=\"og:site_name\" content=\"LE GRAND CLOS\" \/>\n<meta property=\"article:modified_time\" content=\"2025-10-24T14:04:14+00:00\" \/>\n<meta name=\"twitter:card\" content=\"summary_large_image\" \/>\n<meta name=\"twitter:label1\" content=\"Dur\u00e9e de lecture estim\u00e9e\" \/>\n\t<meta name=\"twitter:data1\" content=\"1 minute\" \/>\n<script type=\"application\/ld+json\" class=\"yoast-schema-graph\">{\"@context\":\"https:\\\/\\\/schema.org\",\"@graph\":[{\"@type\":\"WebPage\",\"@id\":\"https:\\\/\\\/collegelegrandclos.fr\\\/index.php\\\/administration\\\/\",\"url\":\"https:\\\/\\\/collegelegrandclos.fr\\\/index.php\\\/administration\\\/\",\"name\":\"ADMINISTRATION - LE GRAND CLOS\",\"isPartOf\":{\"@id\":\"http:\\\/\\\/collegelegrandclos.fr\\\/#website\"},\"datePublished\":\"2024-12-29T15:47:54+00:00\",\"dateModified\":\"2025-10-24T14:04:14+00:00\",\"description\":\"Grand clos, projets, CDI, coll\u00e8ge, montargis, cit\u00e9 \u00e9ducative, actions, classe foot, m\u00e9diath\u00e8que, sports, self, pronote, mon e coll\u00e8ge\",\"breadcrumb\":{\"@id\":\"https:\\\/\\\/collegelegrandclos.fr\\\/index.php\\\/administration\\\/#breadcrumb\"},\"inLanguage\":\"fr-FR\",\"potentialAction\":[{\"@type\":\"ReadAction\",\"target\":[\"https:\\\/\\\/collegelegrandclos.fr\\\/index.php\\\/administration\\\/\"]}]},{\"@type\":\"BreadcrumbList\",\"@id\":\"https:\\\/\\\/collegelegrandclos.fr\\\/index.php\\\/administration\\\/#breadcrumb\",\"itemListElement\":[{\"@type\":\"ListItem\",\"position\":1,\"name\":\"Accueil\",\"item\":\"http:\\\/\\\/collegelegrandclos.fr\\\/\"},{\"@type\":\"ListItem\",\"position\":2,\"name\":\"ADMINISTRATION\"}]},{\"@type\":\"WebSite\",\"@id\":\"http:\\\/\\\/collegelegrandclos.fr\\\/#website\",\"url\":\"http:\\\/\\\/collegelegrandclos.fr\\\/\",\"name\":\"LE GRAND CLOS\",\"description\":\"\",\"publisher\":{\"@id\":\"http:\\\/\\\/collegelegrandclos.fr\\\/#organization\"},\"potentialAction\":[{\"@type\":\"SearchAction\",\"target\":{\"@type\":\"EntryPoint\",\"urlTemplate\":\"http:\\\/\\\/collegelegrandclos.fr\\\/?s={search_term_string}\"},\"query-input\":{\"@type\":\"PropertyValueSpecification\",\"valueRequired\":true,\"valueName\":\"search_term_string\"}}],\"inLanguage\":\"fr-FR\"},{\"@type\":\"Organization\",\"@id\":\"http:\\\/\\\/collegelegrandclos.fr\\\/#organization\",\"name\":\"LE GRAND CLOS\",\"url\":\"http:\\\/\\\/collegelegrandclos.fr\\\/\",\"logo\":{\"@type\":\"ImageObject\",\"inLanguage\":\"fr-FR\",\"@id\":\"http:\\\/\\\/collegelegrandclos.fr\\\/#\\\/schema\\\/logo\\\/image\\\/\",\"url\":\"\",\"contentUrl\":\"\",\"caption\":\"LE GRAND CLOS\"},\"image\":{\"@id\":\"http:\\\/\\\/collegelegrandclos.fr\\\/#\\\/schema\\\/logo\\\/image\\\/\"}}]}<\/script>\n<!-- \/ Yoast SEO plugin. -->","yoast_head_json":{"title":"ADMINISTRATION - LE GRAND CLOS","description":"Grand clos, projets, CDI, coll\u00e8ge, montargis, cit\u00e9 \u00e9ducative, actions, classe foot, m\u00e9diath\u00e8que, sports, self, pronote, mon e coll\u00e8ge","robots":{"index":"index","follow":"follow","max-snippet":"max-snippet:-1","max-image-preview":"max-image-preview:large","max-video-preview":"max-video-preview:-1"},"canonical":"https:\/\/collegelegrandclos.fr\/index.php\/administration\/","og_locale":"fr_FR","og_type":"article","og_title":"ADMINISTRATION - LE GRAND CLOS","og_description":"Grand clos, projets, CDI, coll\u00e8ge, montargis, cit\u00e9 \u00e9ducative, actions, classe foot, m\u00e9diath\u00e8que, sports, self, pronote, mon e coll\u00e8ge","og_url":"https:\/\/collegelegrandclos.fr\/index.php\/administration\/","og_site_name":"LE GRAND CLOS","article_modified_time":"2025-10-24T14:04:14+00:00","twitter_card":"summary_large_image","twitter_misc":{"Dur\u00e9e de lecture estim\u00e9e":"1 minute"},"schema":{"@context":"https:\/\/schema.org","@graph":[{"@type":"WebPage","@id":"https:\/\/collegelegrandclos.fr\/index.php\/administration\/","url":"https:\/\/collegelegrandclos.fr\/index.php\/administration\/","name":"ADMINISTRATION - LE GRAND CLOS","isPartOf":{"@id":"http:\/\/collegelegrandclos.fr\/#website"},"datePublished":"2024-12-29T15:47:54+00:00","dateModified":"2025-10-24T14:04:14+00:00","description":"Grand clos, projets, CDI, coll\u00e8ge, montargis, cit\u00e9 \u00e9ducative, actions, classe foot, m\u00e9diath\u00e8que, sports, self, pronote, mon e coll\u00e8ge","breadcrumb":{"@id":"https:\/\/collegelegrandclos.fr\/index.php\/administration\/#breadcrumb"},"inLanguage":"fr-FR","potentialAction":[{"@type":"ReadAction","target":["https:\/\/collegelegrandclos.fr\/index.php\/administration\/"]}]},{"@type":"BreadcrumbList","@id":"https:\/\/collegelegrandclos.fr\/index.php\/administration\/#breadcrumb","itemListElement":[{"@type":"ListItem","position":1,"name":"Accueil","item":"http:\/\/collegelegrandclos.fr\/"},{"@type":"ListItem","position":2,"name":"ADMINISTRATION"}]},{"@type":"WebSite","@id":"http:\/\/collegelegrandclos.fr\/#website","url":"http:\/\/collegelegrandclos.fr\/","name":"LE GRAND CLOS","description":"","publisher":{"@id":"http:\/\/collegelegrandclos.fr\/#organization"},"potentialAction":[{"@type":"SearchAction","target":{"@type":"EntryPoint","urlTemplate":"http:\/\/collegelegrandclos.fr\/?s={search_term_string}"},"query-input":{"@type":"PropertyValueSpecification","valueRequired":true,"valueName":"search_term_string"}}],"inLanguage":"fr-FR"},{"@type":"Organization","@id":"http:\/\/collegelegrandclos.fr\/#organization","name":"LE GRAND CLOS","url":"http:\/\/collegelegrandclos.fr\/","logo":{"@type":"ImageObject","inLanguage":"fr-FR","@id":"http:\/\/collegelegrandclos.fr\/#\/schema\/logo\/image\/","url":"","contentUrl":"","caption":"LE GRAND CLOS"},"image":{"@id":"http:\/\/collegelegrandclos.fr\/#\/schema\/logo\/image\/"}}]}},"_links":{"self":[{"href":"https:\/\/collegelegrandclos.fr\/index.php\/wp-json\/wp\/v2\/pages\/421","targetHints":{"allow":["GET"]}}],"collection":[{"href":"https:\/\/collegelegrandclos.fr\/index.php\/wp-json\/wp\/v2\/pages"}],"about":[{"href":"https:\/\/collegelegrandclos.fr\/index.php\/wp-json\/wp\/v2\/types\/page"}],"author":[{"embeddable":true,"href":"https:\/\/collegelegrandclos.fr\/index.php\/wp-json\/wp\/v2\/users\/1"}],"replies":[{"embeddable":true,"href":"https:\/\/collegelegrandclos.fr\/index.php\/wp-json\/wp\/v2\/comments?post=421"}],"version-history":[{"count":12,"href":"https:\/\/collegelegrandclos.fr\/index.php\/wp-json\/wp\/v2\/pages\/421\/revisions"}],"predecessor-version":[{"id":1411,"href":"https:\/\/collegelegrandclos.fr\/index.php\/wp-json\/wp\/v2\/pages\/421\/revisions\/1411"}],"wp:attachment":[{"href":"https:\/\/collegelegrandclos.fr\/index.php\/wp-json\/wp\/v2\/media?parent=421"}],"curies":[{"name":"wp","href":"https:\/\/api.w.org\/{rel}","templated":true}]}}